{"id":1162,"date":"2021-09-14T11:26:09","date_gmt":"2021-09-14T09:26:09","guid":{"rendered":"https:\/\/www.joy.ee\/?page_id=1162"},"modified":"2025-08-07T20:53:56","modified_gmt":"2025-08-07T18:53:56","slug":"igor-lider","status":"publish","type":"page","link":"https:\/\/www.joy.ee\/index.php\/igor-lider\/","title":{"rendered":"Igor Lider"},"content":{"rendered":"<div id=\"fb-root\"><\/div>\n\n<p><strong>T\u00e4navatants, House, Improvisatsioon <\/strong><\/p>\n<div>\n<ul>\n<li>Koreograaf, muusik, tantsija;<\/li>\n<li>Stuudio JOY vilistlane;\u00a0\u00a0<\/li>\n<li>Tantsulavastuste koreograaf;\u00a0<\/li>\n<li>Tantsugrupid Igor Lideri juhtimisel on rahvusvaheliste ja vabariiklike konkursside laureaadid.<\/li>\n<\/ul>\n<\/div>\n<p><strong>JOY JUNIORS tantsugrupp:\u00a0<\/strong><\/p>\n\n\n\n<figure class=\"wp-block-embed is-type-video is-provider-youtube wp-block-embed-youtube wp-embed-aspect-16-9 wp-has-aspect-ratio\"><div class=\"wp-block-embed__wrapper\">\n<iframe title=\"JOY Tallinn - Huligaanid I JOY 30, 24.05.2025. Valga\" width=\"640\" height=\"360\" data-src=\"https:\/\/www.youtube.com\/embed\/DMS6yYrNj-w?feature=oembed\" frameborder=\"0\" allow=\"accelerometer; autoplay; clipboard-write; encrypted-media; gyroscope; picture-in-picture; web-share\" referrerpolicy=\"strict-origin-when-cross-origin\" allowfullscreen src=\"data:image\/svg+xml;base64,PHN2ZyB3aWR0aD0iMSIgaGVpZ2h0PSIxIiB4bWxucz0iaHR0cDovL3d3dy53My5vcmcvMjAwMC9zdmciPjwvc3ZnPg==\" class=\"lazyload\" data-load-mode=\"1\"><\/iframe>\n<\/div><\/figure>\n\n\n\n<p><strong>JOY YOUTH tantsugrupp:\u00a0<\/strong><\/p>\n<p>\u00a0<\/p>\n\n\n\n<figure class=\"wp-block-embed is-type-video is-provider-youtube wp-block-embed-youtube wp-embed-aspect-16-9 wp-has-aspect-ratio\"><div class=\"wp-block-embed__wrapper\">\n<iframe title=\"STUUDIO JOY &amp; Tallinna L\u00e4\u00e4nemere G\u00fcmnaasium &quot;Tantsumehhanism&quot;\" width=\"640\" height=\"360\" data-src=\"https:\/\/www.youtube.com\/embed\/NJRb2usxdvY?feature=oembed\" frameborder=\"0\" allow=\"accelerometer; autoplay; clipboard-write; encrypted-media; gyroscope; picture-in-picture; web-share\" referrerpolicy=\"strict-origin-when-cross-origin\" allowfullscreen src=\"data:image\/svg+xml;base64,PHN2ZyB3aWR0aD0iMSIgaGVpZ2h0PSIxIiB4bWxucz0iaHR0cDovL3d3dy53My5vcmcvMjAwMC9zdmciPjwvc3ZnPg==\" class=\"lazyload\" data-load-mode=\"1\"><\/iframe>\n<\/div><\/figure>\n\n\n\n<p><strong>JOY PRO tantsugrupp:\u00a0<\/strong><\/p>\n\n\n\n<figure class=\"wp-block-embed is-type-video is-provider-youtube wp-block-embed-youtube wp-embed-aspect-16-9 wp-has-aspect-ratio\"><div class=\"wp-block-embed__wrapper\">\n<iframe title=\"STUUDIO JOY- LIIV JA TUUL 2021\" width=\"640\" height=\"360\" data-src=\"https:\/\/www.youtube.com\/embed\/H7jQ7ekic8g?feature=oembed\" frameborder=\"0\" allow=\"accelerometer; autoplay; clipboard-write; encrypted-media; gyroscope; picture-in-picture; web-share\" referrerpolicy=\"strict-origin-when-cross-origin\" allowfullscreen src=\"data:image\/svg+xml;base64,PHN2ZyB3aWR0aD0iMSIgaGVpZ2h0PSIxIiB4bWxucz0iaHR0cDovL3d3dy53My5vcmcvMjAwMC9zdmciPjwvc3ZnPg==\" class=\"lazyload\" data-load-mode=\"1\"><\/iframe>\n<\/div><\/figure>\n","protected":false},"excerpt":{"rendered":"<p>T\u00e4navatants, House, Improvisatsioon Koreograaf, muusik, tantsija; Stuudio JOY vilistlane;\u00a0\u00a0 Tantsulavastuste koreograaf;\u00a0 Tantsugrupid Igor Lideri juhtimisel on rahvusvaheliste ja vabariiklike konkursside laureaadid. JOY JUNIORS tantsugrupp:\u00a0 JOY YOUTH tantsugrupp:\u00a0 \u00a0 JOY PRO tantsugrupp:\u00a0<\/p>\n","protected":false},"author":3,"featured_media":1793,"parent":0,"menu_order":0,"comment_status":"closed","ping_status":"closed","template":"","meta":{"_acf_changed":false,"footnotes":""},"class_list":["post-1162","page","type-page","status-publish","has-post-thumbnail","hentry"],"acf":[],"yoast_head":"<!-- This site is optimized with the Yoast SEO plugin v27.5 - https:\/\/yoast.com\/product\/yoast-seo-wordpress\/ -->\n<title>Igor Lider - STUUDIO JOY<\/title>\n<meta name=\"robots\" content=\"index, follow, max-snippet:-1, max-image-preview:large, max-video-preview:-1\" \/>\n<link rel=\"canonical\" href=\"https:\/\/www.joy.ee\/index.php\/igor-lider\/\" \/>\n<meta name=\"twitter:card\" content=\"summary_large_image\" \/>\n<meta name=\"twitter:title\" content=\"Igor Lider - STUUDIO JOY\" \/>\n<meta name=\"twitter:description\" content=\"T\u00e4navatants, House, Improvisatsioon Koreograaf, muusik, tantsija; Stuudio JOY vilistlane;\u00a0\u00a0 Tantsulavastuste koreograaf;\u00a0 Tantsugrupid Igor Lideri juhtimisel on rahvusvaheliste ja vabariiklike konkursside laureaadid. JOY JUNIORS tantsugrupp:\u00a0 JOY YOUTH tantsugrupp:\u00a0 \u00a0 JOY PRO tantsugrupp:\u00a0\" \/>\n<meta name=\"twitter:image\" content=\"https:\/\/www.joy.ee\/wp-content\/uploads\/2025\/08\/Stuudio-Joy-30.-juubelikontsert-24.05.2025-492.jpg\" \/>\n<meta name=\"twitter:label1\" content=\"Est. reading time\" \/>\n\t<meta name=\"twitter:data1\" content=\"1 minute\" \/>\n<script type=\"application\/ld+json\" class=\"yoast-schema-graph\">{\"@context\":\"https:\\\/\\\/schema.org\",\"@graph\":[{\"@type\":\"WebPage\",\"@id\":\"https:\\\/\\\/www.joy.ee\\\/index.php\\\/igor-lider\\\/\",\"url\":\"https:\\\/\\\/www.joy.ee\\\/index.php\\\/igor-lider\\\/\",\"name\":\"Igor Lider - STUUDIO JOY\",\"isPartOf\":{\"@id\":\"https:\\\/\\\/www.joy.ee\\\/#website\"},\"primaryImageOfPage\":{\"@id\":\"https:\\\/\\\/www.joy.ee\\\/index.php\\\/igor-lider\\\/#primaryimage\"},\"image\":{\"@id\":\"https:\\\/\\\/www.joy.ee\\\/index.php\\\/igor-lider\\\/#primaryimage\"},\"thumbnailUrl\":\"https:\\\/\\\/www.joy.ee\\\/wp-content\\\/uploads\\\/2025\\\/08\\\/Stuudio-Joy-30.-juubelikontsert-24.05.2025-492.jpg\",\"datePublished\":\"2021-09-14T09:26:09+00:00\",\"dateModified\":\"2025-08-07T18:53:56+00:00\",\"breadcrumb\":{\"@id\":\"https:\\\/\\\/www.joy.ee\\\/index.php\\\/igor-lider\\\/#breadcrumb\"},\"inLanguage\":\"en-US\",\"potentialAction\":[{\"@type\":\"ReadAction\",\"target\":[\"https:\\\/\\\/www.joy.ee\\\/index.php\\\/igor-lider\\\/\"]}]},{\"@type\":\"ImageObject\",\"inLanguage\":\"en-US\",\"@id\":\"https:\\\/\\\/www.joy.ee\\\/index.php\\\/igor-lider\\\/#primaryimage\",\"url\":\"https:\\\/\\\/www.joy.ee\\\/wp-content\\\/uploads\\\/2025\\\/08\\\/Stuudio-Joy-30.-juubelikontsert-24.05.2025-492.jpg\",\"contentUrl\":\"https:\\\/\\\/www.joy.ee\\\/wp-content\\\/uploads\\\/2025\\\/08\\\/Stuudio-Joy-30.-juubelikontsert-24.05.2025-492.jpg\",\"width\":2400,\"height\":1600},{\"@type\":\"BreadcrumbList\",\"@id\":\"https:\\\/\\\/www.joy.ee\\\/index.php\\\/igor-lider\\\/#breadcrumb\",\"itemListElement\":[{\"@type\":\"ListItem\",\"position\":1,\"name\":\"Home\",\"item\":\"https:\\\/\\\/www.joy.ee\\\/\"},{\"@type\":\"ListItem\",\"position\":2,\"name\":\"Igor Lider\"}]},{\"@type\":\"WebSite\",\"@id\":\"https:\\\/\\\/www.joy.ee\\\/#website\",\"url\":\"https:\\\/\\\/www.joy.ee\\\/\",\"name\":\"STUUDIO JOY\",\"description\":\"Dance, Sing, Enjoy!\",\"potentialAction\":[{\"@type\":\"SearchAction\",\"target\":{\"@type\":\"EntryPoint\",\"urlTemplate\":\"https:\\\/\\\/www.joy.ee\\\/?s={search_term_string}\"},\"query-input\":{\"@type\":\"PropertyValueSpecification\",\"valueRequired\":true,\"valueName\":\"search_term_string\"}}],\"inLanguage\":\"en-US\"}]}<\/script>\n<!-- \/ Yoast SEO plugin. -->","yoast_head_json":{"title":"Igor Lider - STUUDIO JOY","robots":{"index":"index","follow":"follow","max-snippet":"max-snippet:-1","max-image-preview":"max-image-preview:large","max-video-preview":"max-video-preview:-1"},"canonical":"https:\/\/www.joy.ee\/index.php\/igor-lider\/","twitter_card":"summary_large_image","twitter_title":"Igor Lider - STUUDIO JOY","twitter_description":"T\u00e4navatants, House, Improvisatsioon Koreograaf, muusik, tantsija; Stuudio JOY vilistlane;\u00a0\u00a0 Tantsulavastuste koreograaf;\u00a0 Tantsugrupid Igor Lideri juhtimisel on rahvusvaheliste ja vabariiklike konkursside laureaadid. JOY JUNIORS tantsugrupp:\u00a0 JOY YOUTH tantsugrupp:\u00a0 \u00a0 JOY PRO tantsugrupp:\u00a0","twitter_image":"https:\/\/www.joy.ee\/wp-content\/uploads\/2025\/08\/Stuudio-Joy-30.-juubelikontsert-24.05.2025-492.jpg","twitter_misc":{"Est. reading time":"1 minute"},"schema":{"@context":"https:\/\/schema.org","@graph":[{"@type":"WebPage","@id":"https:\/\/www.joy.ee\/index.php\/igor-lider\/","url":"https:\/\/www.joy.ee\/index.php\/igor-lider\/","name":"Igor Lider - STUUDIO JOY","isPartOf":{"@id":"https:\/\/www.joy.ee\/#website"},"primaryImageOfPage":{"@id":"https:\/\/www.joy.ee\/index.php\/igor-lider\/#primaryimage"},"image":{"@id":"https:\/\/www.joy.ee\/index.php\/igor-lider\/#primaryimage"},"thumbnailUrl":"https:\/\/www.joy.ee\/wp-content\/uploads\/2025\/08\/Stuudio-Joy-30.-juubelikontsert-24.05.2025-492.jpg","datePublished":"2021-09-14T09:26:09+00:00","dateModified":"2025-08-07T18:53:56+00:00","breadcrumb":{"@id":"https:\/\/www.joy.ee\/index.php\/igor-lider\/#breadcrumb"},"inLanguage":"en-US","potentialAction":[{"@type":"ReadAction","target":["https:\/\/www.joy.ee\/index.php\/igor-lider\/"]}]},{"@type":"ImageObject","inLanguage":"en-US","@id":"https:\/\/www.joy.ee\/index.php\/igor-lider\/#primaryimage","url":"https:\/\/www.joy.ee\/wp-content\/uploads\/2025\/08\/Stuudio-Joy-30.-juubelikontsert-24.05.2025-492.jpg","contentUrl":"https:\/\/www.joy.ee\/wp-content\/uploads\/2025\/08\/Stuudio-Joy-30.-juubelikontsert-24.05.2025-492.jpg","width":2400,"height":1600},{"@type":"BreadcrumbList","@id":"https:\/\/www.joy.ee\/index.php\/igor-lider\/#breadcrumb","itemListElement":[{"@type":"ListItem","position":1,"name":"Home","item":"https:\/\/www.joy.ee\/"},{"@type":"ListItem","position":2,"name":"Igor Lider"}]},{"@type":"WebSite","@id":"https:\/\/www.joy.ee\/#website","url":"https:\/\/www.joy.ee\/","name":"STUUDIO JOY","description":"Dance, Sing, Enjoy!","potentialAction":[{"@type":"SearchAction","target":{"@type":"EntryPoint","urlTemplate":"https:\/\/www.joy.ee\/?s={search_term_string}"},"query-input":{"@type":"PropertyValueSpecification","valueRequired":true,"valueName":"search_term_string"}}],"inLanguage":"en-US"}]}},"_links":{"self":[{"href":"https:\/\/www.joy.ee\/index.php\/wp-json\/wp\/v2\/pages\/1162","targetHints":{"allow":["GET"]}}],"collection":[{"href":"https:\/\/www.joy.ee\/index.php\/wp-json\/wp\/v2\/pages"}],"about":[{"href":"https:\/\/www.joy.ee\/index.php\/wp-json\/wp\/v2\/types\/page"}],"author":[{"embeddable":true,"href":"https:\/\/www.joy.ee\/index.php\/wp-json\/wp\/v2\/users\/3"}],"replies":[{"embeddable":true,"href":"https:\/\/www.joy.ee\/index.php\/wp-json\/wp\/v2\/comments?post=1162"}],"version-history":[{"count":3,"href":"https:\/\/www.joy.ee\/index.php\/wp-json\/wp\/v2\/pages\/1162\/revisions"}],"predecessor-version":[{"id":1794,"href":"https:\/\/www.joy.ee\/index.php\/wp-json\/wp\/v2\/pages\/1162\/revisions\/1794"}],"wp:featuredmedia":[{"embeddable":true,"href":"https:\/\/www.joy.ee\/index.php\/wp-json\/wp\/v2\/media\/1793"}],"wp:attachment":[{"href":"https:\/\/www.joy.ee\/index.php\/wp-json\/wp\/v2\/media?parent=1162"}],"curies":[{"name":"wp","href":"https:\/\/api.w.org\/{rel}","templated":true}]}}