{"id":1416,"date":"2024-08-22T10:36:56","date_gmt":"2024-08-22T08:36:56","guid":{"rendered":"https:\/\/www.joy.ee\/?page_id=1416"},"modified":"2025-08-07T20:58:08","modified_gmt":"2025-08-07T18:58:08","slug":"marina-jerjomina","status":"publish","type":"page","link":"https:\/\/www.joy.ee\/index.php\/marina-jerjomina\/","title":{"rendered":"MARINA JERJOMINA"},"content":{"rendered":"<div id=\"fb-root\"><\/div>\n\n<ul>\n<li><span class=\"OYPEnA font-feature-liga-off font-feature-clig-off font-feature-calt-off text-decoration-none text-strikethrough-none\">Stuudio JOY direktor ja vokaalpedagoog;<\/span><\/li>\n<li><span class=\"OYPEnA font-feature-liga-off font-feature-clig-off font-feature-calt-off text-decoration-none text-strikethrough-none\">Vabariikliku ja rahvusvaheliste v\u00f5istluste \u017e\u00fcrii liige Eestis, Leedus, L\u00e4tis, Poolas, Venemaal, Valgevenes, Soomes;<\/span><\/li>\n<li><span class=\"OYPEnA font-feature-liga-off font-feature-clig-off font-feature-calt-off text-decoration-none text-strikethrough-none\">Mitmekordne Valga linnavolikogu liige;<\/span><\/li>\n<li><span class=\"OYPEnA font-feature-liga-off font-feature-clig-off font-feature-calt-off text-decoration-none text-strikethrough-none\">Aastast 2009 Eesti V\u00e4hemusrahvuste Maja esindaja Eesti Kultuuriministeeriumis;<\/span><\/li>\n<li><span class=\"OYPEnA font-feature-liga-off font-feature-clig-off font-feature-calt-off text-decoration-none text-strikethrough-none\">Aastast 2021 &#8211; on Valgamaa kultuuri komisjoni esindaja<\/span><\/li>\n<li>Solistid Marina Jerjomina juhtimisel on rahvusvaheliste ja vabariiklike konkursside laureaadid Euroopas, Ameerikas.\u00a0<\/li>\n<\/ul>\n\n\n\n<div class=\"wp-block-group\"><div class=\"wp-block-group__inner-container is-layout-constrained wp-block-group-is-layout-constrained\"><\/div><\/div>\n\n\n\n<figure class=\"wp-block-embed is-type-video is-provider-youtube wp-block-embed-youtube wp-embed-aspect-16-9 wp-has-aspect-ratio\"><div class=\"wp-block-embed__wrapper\">\n<iframe title=\"We are the world  I JOY 30, 16.04.2025. Tallinn\" width=\"640\" height=\"360\" data-src=\"https:\/\/www.youtube.com\/embed\/_GjQMV2O6V0?feature=oembed\" frameborder=\"0\" allow=\"accelerometer; autoplay; clipboard-write; encrypted-media; gyroscope; picture-in-picture; web-share\" referrerpolicy=\"strict-origin-when-cross-origin\" allowfullscreen src=\"data:image\/svg+xml;base64,PHN2ZyB3aWR0aD0iMSIgaGVpZ2h0PSIxIiB4bWxucz0iaHR0cDovL3d3dy53My5vcmcvMjAwMC9zdmciPjwvc3ZnPg==\" class=\"lazyload\" data-load-mode=\"1\"><\/iframe>\n<\/div><\/figure>\n\n\n\n<figure class=\"wp-block-embed is-type-video is-provider-youtube wp-block-embed-youtube wp-embed-aspect-16-9 wp-has-aspect-ratio\"><div class=\"wp-block-embed__wrapper\">\n<iframe title=\"JOY solistid - Humanity I JOY 30, 24.05.2025. Valga\" width=\"640\" height=\"360\" data-src=\"https:\/\/www.youtube.com\/embed\/XRWVYn43crQ?feature=oembed\" frameborder=\"0\" allow=\"accelerometer; autoplay; clipboard-write; encrypted-media; gyroscope; picture-in-picture; web-share\" referrerpolicy=\"strict-origin-when-cross-origin\" allowfullscreen src=\"data:image\/svg+xml;base64,PHN2ZyB3aWR0aD0iMSIgaGVpZ2h0PSIxIiB4bWxucz0iaHR0cDovL3d3dy53My5vcmcvMjAwMC9zdmciPjwvc3ZnPg==\" class=\"lazyload\" data-load-mode=\"1\"><\/iframe>\n<\/div><\/figure>\n\n\n","protected":false},"excerpt":{"rendered":"<p>Stuudio JOY direktor ja vokaalpedagoog; Vabariikliku ja rahvusvaheliste v\u00f5istluste \u017e\u00fcrii liige Eestis, Leedus, L\u00e4tis, Poolas, Venemaal, Valgevenes, Soomes; Mitmekordne Valga linnavolikogu liige; Aastast 2009 Eesti V\u00e4hemusrahvuste Maja esindaja Eesti Kultuuriministeeriumis; Aastast 2021 &#8211; on Valgamaa kultuuri komisjoni esindaja Solistid Marina Jerjomina juhtimisel on rahvusvaheliste ja vabariiklike konkursside laureaadid Euroopas, Ameerikas.\u00a0<\/p>\n","protected":false},"author":4,"featured_media":1417,"parent":0,"menu_order":0,"comment_status":"closed","ping_status":"closed","template":"","meta":{"_acf_changed":false,"footnotes":""},"class_list":["post-1416","page","type-page","status-publish","has-post-thumbnail","hentry"],"acf":[],"yoast_head":"<!-- This site is optimized with the Yoast SEO plugin v27.5 - https:\/\/yoast.com\/product\/yoast-seo-wordpress\/ -->\n<title>MARINA JERJOMINA - STUUDIO JOY<\/title>\n<meta name=\"robots\" content=\"index, follow, max-snippet:-1, max-image-preview:large, max-video-preview:-1\" \/>\n<link rel=\"canonical\" href=\"https:\/\/www.joy.ee\/index.php\/marina-jerjomina\/\" \/>\n<meta name=\"twitter:card\" content=\"summary_large_image\" \/>\n<meta name=\"twitter:title\" content=\"MARINA JERJOMINA - STUUDIO JOY\" \/>\n<meta name=\"twitter:description\" content=\"Stuudio JOY direktor ja vokaalpedagoog; Vabariikliku ja rahvusvaheliste v\u00f5istluste \u017e\u00fcrii liige Eestis, Leedus, L\u00e4tis, Poolas, Venemaal, Valgevenes, Soomes; Mitmekordne Valga linnavolikogu liige; Aastast 2009 Eesti V\u00e4hemusrahvuste Maja esindaja Eesti Kultuuriministeeriumis; Aastast 2021 &#8211; on Valgamaa kultuuri komisjoni esindaja Solistid Marina Jerjomina juhtimisel on rahvusvaheliste ja vabariiklike konkursside laureaadid Euroopas, Ameerikas.\u00a0\" \/>\n<meta name=\"twitter:image\" content=\"https:\/\/www.joy.ee\/wp-content\/uploads\/2024\/08\/DSC02359-copy-scaled.jpg\" \/>\n<meta name=\"twitter:label1\" content=\"Est. reading time\" \/>\n\t<meta name=\"twitter:data1\" content=\"1 minute\" \/>\n<script type=\"application\/ld+json\" class=\"yoast-schema-graph\">{\"@context\":\"https:\\\/\\\/schema.org\",\"@graph\":[{\"@type\":\"WebPage\",\"@id\":\"https:\\\/\\\/www.joy.ee\\\/index.php\\\/marina-jerjomina\\\/\",\"url\":\"https:\\\/\\\/www.joy.ee\\\/index.php\\\/marina-jerjomina\\\/\",\"name\":\"MARINA JERJOMINA - STUUDIO JOY\",\"isPartOf\":{\"@id\":\"https:\\\/\\\/www.joy.ee\\\/#website\"},\"primaryImageOfPage\":{\"@id\":\"https:\\\/\\\/www.joy.ee\\\/index.php\\\/marina-jerjomina\\\/#primaryimage\"},\"image\":{\"@id\":\"https:\\\/\\\/www.joy.ee\\\/index.php\\\/marina-jerjomina\\\/#primaryimage\"},\"thumbnailUrl\":\"https:\\\/\\\/www.joy.ee\\\/wp-content\\\/uploads\\\/2024\\\/08\\\/DSC02359-copy-scaled.jpg\",\"datePublished\":\"2024-08-22T08:36:56+00:00\",\"dateModified\":\"2025-08-07T18:58:08+00:00\",\"breadcrumb\":{\"@id\":\"https:\\\/\\\/www.joy.ee\\\/index.php\\\/marina-jerjomina\\\/#breadcrumb\"},\"inLanguage\":\"en-US\",\"potentialAction\":[{\"@type\":\"ReadAction\",\"target\":[\"https:\\\/\\\/www.joy.ee\\\/index.php\\\/marina-jerjomina\\\/\"]}]},{\"@type\":\"ImageObject\",\"inLanguage\":\"en-US\",\"@id\":\"https:\\\/\\\/www.joy.ee\\\/index.php\\\/marina-jerjomina\\\/#primaryimage\",\"url\":\"https:\\\/\\\/www.joy.ee\\\/wp-content\\\/uploads\\\/2024\\\/08\\\/DSC02359-copy-scaled.jpg\",\"contentUrl\":\"https:\\\/\\\/www.joy.ee\\\/wp-content\\\/uploads\\\/2024\\\/08\\\/DSC02359-copy-scaled.jpg\",\"width\":2560,\"height\":1707},{\"@type\":\"BreadcrumbList\",\"@id\":\"https:\\\/\\\/www.joy.ee\\\/index.php\\\/marina-jerjomina\\\/#breadcrumb\",\"itemListElement\":[{\"@type\":\"ListItem\",\"position\":1,\"name\":\"Home\",\"item\":\"https:\\\/\\\/www.joy.ee\\\/\"},{\"@type\":\"ListItem\",\"position\":2,\"name\":\"MARINA JERJOMINA\"}]},{\"@type\":\"WebSite\",\"@id\":\"https:\\\/\\\/www.joy.ee\\\/#website\",\"url\":\"https:\\\/\\\/www.joy.ee\\\/\",\"name\":\"STUUDIO JOY\",\"description\":\"Dance, Sing, Enjoy!\",\"potentialAction\":[{\"@type\":\"SearchAction\",\"target\":{\"@type\":\"EntryPoint\",\"urlTemplate\":\"https:\\\/\\\/www.joy.ee\\\/?s={search_term_string}\"},\"query-input\":{\"@type\":\"PropertyValueSpecification\",\"valueRequired\":true,\"valueName\":\"search_term_string\"}}],\"inLanguage\":\"en-US\"}]}<\/script>\n<!-- \/ Yoast SEO plugin. -->","yoast_head_json":{"title":"MARINA JERJOMINA - STUUDIO JOY","robots":{"index":"index","follow":"follow","max-snippet":"max-snippet:-1","max-image-preview":"max-image-preview:large","max-video-preview":"max-video-preview:-1"},"canonical":"https:\/\/www.joy.ee\/index.php\/marina-jerjomina\/","twitter_card":"summary_large_image","twitter_title":"MARINA JERJOMINA - STUUDIO JOY","twitter_description":"Stuudio JOY direktor ja vokaalpedagoog; Vabariikliku ja rahvusvaheliste v\u00f5istluste \u017e\u00fcrii liige Eestis, Leedus, L\u00e4tis, Poolas, Venemaal, Valgevenes, Soomes; Mitmekordne Valga linnavolikogu liige; Aastast 2009 Eesti V\u00e4hemusrahvuste Maja esindaja Eesti Kultuuriministeeriumis; Aastast 2021 &#8211; on Valgamaa kultuuri komisjoni esindaja Solistid Marina Jerjomina juhtimisel on rahvusvaheliste ja vabariiklike konkursside laureaadid Euroopas, Ameerikas.\u00a0","twitter_image":"https:\/\/www.joy.ee\/wp-content\/uploads\/2024\/08\/DSC02359-copy-scaled.jpg","twitter_misc":{"Est. reading time":"1 minute"},"schema":{"@context":"https:\/\/schema.org","@graph":[{"@type":"WebPage","@id":"https:\/\/www.joy.ee\/index.php\/marina-jerjomina\/","url":"https:\/\/www.joy.ee\/index.php\/marina-jerjomina\/","name":"MARINA JERJOMINA - STUUDIO JOY","isPartOf":{"@id":"https:\/\/www.joy.ee\/#website"},"primaryImageOfPage":{"@id":"https:\/\/www.joy.ee\/index.php\/marina-jerjomina\/#primaryimage"},"image":{"@id":"https:\/\/www.joy.ee\/index.php\/marina-jerjomina\/#primaryimage"},"thumbnailUrl":"https:\/\/www.joy.ee\/wp-content\/uploads\/2024\/08\/DSC02359-copy-scaled.jpg","datePublished":"2024-08-22T08:36:56+00:00","dateModified":"2025-08-07T18:58:08+00:00","breadcrumb":{"@id":"https:\/\/www.joy.ee\/index.php\/marina-jerjomina\/#breadcrumb"},"inLanguage":"en-US","potentialAction":[{"@type":"ReadAction","target":["https:\/\/www.joy.ee\/index.php\/marina-jerjomina\/"]}]},{"@type":"ImageObject","inLanguage":"en-US","@id":"https:\/\/www.joy.ee\/index.php\/marina-jerjomina\/#primaryimage","url":"https:\/\/www.joy.ee\/wp-content\/uploads\/2024\/08\/DSC02359-copy-scaled.jpg","contentUrl":"https:\/\/www.joy.ee\/wp-content\/uploads\/2024\/08\/DSC02359-copy-scaled.jpg","width":2560,"height":1707},{"@type":"BreadcrumbList","@id":"https:\/\/www.joy.ee\/index.php\/marina-jerjomina\/#breadcrumb","itemListElement":[{"@type":"ListItem","position":1,"name":"Home","item":"https:\/\/www.joy.ee\/"},{"@type":"ListItem","position":2,"name":"MARINA JERJOMINA"}]},{"@type":"WebSite","@id":"https:\/\/www.joy.ee\/#website","url":"https:\/\/www.joy.ee\/","name":"STUUDIO JOY","description":"Dance, Sing, Enjoy!","potentialAction":[{"@type":"SearchAction","target":{"@type":"EntryPoint","urlTemplate":"https:\/\/www.joy.ee\/?s={search_term_string}"},"query-input":{"@type":"PropertyValueSpecification","valueRequired":true,"valueName":"search_term_string"}}],"inLanguage":"en-US"}]}},"_links":{"self":[{"href":"https:\/\/www.joy.ee\/index.php\/wp-json\/wp\/v2\/pages\/1416","targetHints":{"allow":["GET"]}}],"collection":[{"href":"https:\/\/www.joy.ee\/index.php\/wp-json\/wp\/v2\/pages"}],"about":[{"href":"https:\/\/www.joy.ee\/index.php\/wp-json\/wp\/v2\/types\/page"}],"author":[{"embeddable":true,"href":"https:\/\/www.joy.ee\/index.php\/wp-json\/wp\/v2\/users\/4"}],"replies":[{"embeddable":true,"href":"https:\/\/www.joy.ee\/index.php\/wp-json\/wp\/v2\/comments?post=1416"}],"version-history":[{"count":2,"href":"https:\/\/www.joy.ee\/index.php\/wp-json\/wp\/v2\/pages\/1416\/revisions"}],"predecessor-version":[{"id":1796,"href":"https:\/\/www.joy.ee\/index.php\/wp-json\/wp\/v2\/pages\/1416\/revisions\/1796"}],"wp:featuredmedia":[{"embeddable":true,"href":"https:\/\/www.joy.ee\/index.php\/wp-json\/wp\/v2\/media\/1417"}],"wp:attachment":[{"href":"https:\/\/www.joy.ee\/index.php\/wp-json\/wp\/v2\/media?parent=1416"}],"curies":[{"name":"wp","href":"https:\/\/api.w.org\/{rel}","templated":true}]}}