{"id":1422,"date":"2024-08-22T10:41:19","date_gmt":"2024-08-22T08:41:19","guid":{"rendered":"https:\/\/www.joy.ee\/?page_id=1422"},"modified":"2025-08-07T20:40:33","modified_gmt":"2025-08-07T18:40:33","slug":"ugis-racenis","status":"publish","type":"page","link":"https:\/\/www.joy.ee\/index.php\/ugis-racenis\/","title":{"rendered":"U\u0122IS R\u0100CENIS"},"content":{"rendered":"<div id=\"fb-root\"><\/div>\n\n<ul>\n<li><span class=\"OYPEnA font-feature-liga-off font-feature-clig-off font-feature-calt-off text-decoration-none text-strikethrough-none\">Stuudio JOY vilistlane ja t\u00e4navatantsu, break pedagoog Valgas;<\/span><\/li>\n<li><span class=\"OYPEnA font-feature-liga-off font-feature-clig-off font-feature-calt-off text-decoration-none text-strikethrough-none\">Paljude tantsuv\u00f5istluste ja festivalide v\u00f5itja Eestis, L\u00e4tis, Leedus, Poolas.<\/span><\/li>\n<li>Tantsugrupid U\u0123is R\u0101cenis juhtimisel on rahvusvaheliste ja vabariiklike konkursside laureaadid.\u00a0<\/li>\n<\/ul>\n<p><strong>JOY YOUTH tantsugrupp:<\/strong><\/p>\n\n\n\n<figure class=\"wp-block-embed is-type-video is-provider-youtube wp-block-embed-youtube wp-embed-aspect-16-9 wp-has-aspect-ratio\"><div class=\"wp-block-embed__wrapper\">\n<iframe title=\"JOY Valga - Teekond I JOY 30, 24.05.2025. Valga\" width=\"640\" height=\"360\" data-src=\"https:\/\/www.youtube.com\/embed\/1RMCfK0XuK8?feature=oembed\" frameborder=\"0\" allow=\"accelerometer; autoplay; clipboard-write; encrypted-media; gyroscope; picture-in-picture; web-share\" referrerpolicy=\"strict-origin-when-cross-origin\" allowfullscreen src=\"data:image\/svg+xml;base64,PHN2ZyB3aWR0aD0iMSIgaGVpZ2h0PSIxIiB4bWxucz0iaHR0cDovL3d3dy53My5vcmcvMjAwMC9zdmciPjwvc3ZnPg==\" class=\"lazyload\" data-load-mode=\"1\"><\/iframe>\n<\/div><\/figure>\n\n\n\n<p><strong>Breakdance tantsugrupp: <\/strong><\/p>\n\n\n\n<figure class=\"wp-block-embed is-type-video is-provider-youtube wp-block-embed-youtube wp-embed-aspect-16-9 wp-has-aspect-ratio\"><div class=\"wp-block-embed__wrapper\">\n<iframe title=\"JOY BBoys Squad - Aeg tantsida I JOY 30, 24.05.2025. Valga\" width=\"640\" height=\"360\" data-src=\"https:\/\/www.youtube.com\/embed\/Qtm05tn6m78?feature=oembed\" frameborder=\"0\" allow=\"accelerometer; autoplay; clipboard-write; encrypted-media; gyroscope; picture-in-picture; web-share\" referrerpolicy=\"strict-origin-when-cross-origin\" allowfullscreen src=\"data:image\/svg+xml;base64,PHN2ZyB3aWR0aD0iMSIgaGVpZ2h0PSIxIiB4bWxucz0iaHR0cDovL3d3dy53My5vcmcvMjAwMC9zdmciPjwvc3ZnPg==\" class=\"lazyload\" data-load-mode=\"1\"><\/iframe>\n<\/div><\/figure>\n\n\n\n<figure class=\"wp-block-embed is-type-video is-provider-youtube wp-block-embed-youtube wp-embed-aspect-16-9 wp-has-aspect-ratio\"><div class=\"wp-block-embed__wrapper\">\n<iframe title=\"JOY Bboys Squad vilistlased I JOY 30, 24.05.2025. Valga\" width=\"640\" height=\"360\" data-src=\"https:\/\/www.youtube.com\/embed\/mkNSQ6S1CXk?feature=oembed\" frameborder=\"0\" allow=\"accelerometer; autoplay; clipboard-write; encrypted-media; gyroscope; picture-in-picture; web-share\" referrerpolicy=\"strict-origin-when-cross-origin\" allowfullscreen src=\"data:image\/svg+xml;base64,PHN2ZyB3aWR0aD0iMSIgaGVpZ2h0PSIxIiB4bWxucz0iaHR0cDovL3d3dy53My5vcmcvMjAwMC9zdmciPjwvc3ZnPg==\" class=\"lazyload\" data-load-mode=\"1\"><\/iframe>\n<\/div><\/figure>\n\n\n\n<p><strong>JOY CREW tantsugrupp: <\/strong><\/p>\n\n\n\n<figure class=\"wp-block-embed is-type-video is-provider-youtube wp-block-embed-youtube wp-embed-aspect-16-9 wp-has-aspect-ratio\"><div class=\"wp-block-embed__wrapper\">\n<iframe title=\"JOY Valga - Equilibrium I JOY 30, 24.05.2025. Valga\" width=\"640\" height=\"360\" data-src=\"https:\/\/www.youtube.com\/embed\/LjSR66z3UBk?feature=oembed\" frameborder=\"0\" allow=\"accelerometer; autoplay; clipboard-write; encrypted-media; gyroscope; picture-in-picture; web-share\" referrerpolicy=\"strict-origin-when-cross-origin\" allowfullscreen src=\"data:image\/svg+xml;base64,PHN2ZyB3aWR0aD0iMSIgaGVpZ2h0PSIxIiB4bWxucz0iaHR0cDovL3d3dy53My5vcmcvMjAwMC9zdmciPjwvc3ZnPg==\" class=\"lazyload\" data-load-mode=\"1\"><\/iframe>\n<\/div><\/figure>\n","protected":false},"excerpt":{"rendered":"<p>Stuudio JOY vilistlane ja t\u00e4navatantsu, break pedagoog Valgas; Paljude tantsuv\u00f5istluste ja festivalide v\u00f5itja Eestis, L\u00e4tis, Leedus, Poolas. Tantsugrupid U\u0123is R\u0101cenis juhtimisel on rahvusvaheliste ja vabariiklike konkursside laureaadid.\u00a0 JOY YOUTH tantsugrupp: Breakdance tantsugrupp: JOY CREW tantsugrupp:<\/p>\n","protected":false},"author":4,"featured_media":1786,"parent":0,"menu_order":0,"comment_status":"closed","ping_status":"closed","template":"","meta":{"_acf_changed":false,"footnotes":""},"class_list":["post-1422","page","type-page","status-publish","has-post-thumbnail","hentry"],"acf":[],"yoast_head":"<!-- This site is optimized with the Yoast SEO plugin v27.5 - https:\/\/yoast.com\/product\/yoast-seo-wordpress\/ -->\n<title>U\u0122IS R\u0100CENIS - STUUDIO JOY<\/title>\n<meta name=\"robots\" content=\"index, follow, max-snippet:-1, max-image-preview:large, max-video-preview:-1\" \/>\n<link rel=\"canonical\" href=\"https:\/\/www.joy.ee\/index.php\/ugis-racenis\/\" \/>\n<meta name=\"twitter:card\" content=\"summary_large_image\" \/>\n<meta name=\"twitter:title\" content=\"U\u0122IS R\u0100CENIS - STUUDIO JOY\" \/>\n<meta name=\"twitter:description\" content=\"Stuudio JOY vilistlane ja t\u00e4navatantsu, break pedagoog Valgas; Paljude tantsuv\u00f5istluste ja festivalide v\u00f5itja Eestis, L\u00e4tis, Leedus, Poolas. Tantsugrupid U\u0123is R\u0101cenis juhtimisel on rahvusvaheliste ja vabariiklike konkursside laureaadid.\u00a0 JOY YOUTH tantsugrupp: Breakdance tantsugrupp: JOY CREW tantsugrupp:\" \/>\n<meta name=\"twitter:image\" content=\"https:\/\/www.joy.ee\/wp-content\/uploads\/2025\/08\/Stuudio-Joy-30.-juubelikontsert-24.05.2025-381.jpg\" \/>\n<meta name=\"twitter:label1\" content=\"Est. reading time\" \/>\n\t<meta name=\"twitter:data1\" content=\"1 minute\" \/>\n<script type=\"application\/ld+json\" class=\"yoast-schema-graph\">{\"@context\":\"https:\\\/\\\/schema.org\",\"@graph\":[{\"@type\":\"WebPage\",\"@id\":\"https:\\\/\\\/www.joy.ee\\\/index.php\\\/ugis-racenis\\\/\",\"url\":\"https:\\\/\\\/www.joy.ee\\\/index.php\\\/ugis-racenis\\\/\",\"name\":\"U\u0122IS R\u0100CENIS - STUUDIO JOY\",\"isPartOf\":{\"@id\":\"https:\\\/\\\/www.joy.ee\\\/#website\"},\"primaryImageOfPage\":{\"@id\":\"https:\\\/\\\/www.joy.ee\\\/index.php\\\/ugis-racenis\\\/#primaryimage\"},\"image\":{\"@id\":\"https:\\\/\\\/www.joy.ee\\\/index.php\\\/ugis-racenis\\\/#primaryimage\"},\"thumbnailUrl\":\"https:\\\/\\\/www.joy.ee\\\/wp-content\\\/uploads\\\/2025\\\/08\\\/Stuudio-Joy-30.-juubelikontsert-24.05.2025-381.jpg\",\"datePublished\":\"2024-08-22T08:41:19+00:00\",\"dateModified\":\"2025-08-07T18:40:33+00:00\",\"breadcrumb\":{\"@id\":\"https:\\\/\\\/www.joy.ee\\\/index.php\\\/ugis-racenis\\\/#breadcrumb\"},\"inLanguage\":\"en-US\",\"potentialAction\":[{\"@type\":\"ReadAction\",\"target\":[\"https:\\\/\\\/www.joy.ee\\\/index.php\\\/ugis-racenis\\\/\"]}]},{\"@type\":\"ImageObject\",\"inLanguage\":\"en-US\",\"@id\":\"https:\\\/\\\/www.joy.ee\\\/index.php\\\/ugis-racenis\\\/#primaryimage\",\"url\":\"https:\\\/\\\/www.joy.ee\\\/wp-content\\\/uploads\\\/2025\\\/08\\\/Stuudio-Joy-30.-juubelikontsert-24.05.2025-381.jpg\",\"contentUrl\":\"https:\\\/\\\/www.joy.ee\\\/wp-content\\\/uploads\\\/2025\\\/08\\\/Stuudio-Joy-30.-juubelikontsert-24.05.2025-381.jpg\",\"width\":2400,\"height\":1600},{\"@type\":\"BreadcrumbList\",\"@id\":\"https:\\\/\\\/www.joy.ee\\\/index.php\\\/ugis-racenis\\\/#breadcrumb\",\"itemListElement\":[{\"@type\":\"ListItem\",\"position\":1,\"name\":\"Home\",\"item\":\"https:\\\/\\\/www.joy.ee\\\/\"},{\"@type\":\"ListItem\",\"position\":2,\"name\":\"U\u0122IS R\u0100CENIS\"}]},{\"@type\":\"WebSite\",\"@id\":\"https:\\\/\\\/www.joy.ee\\\/#website\",\"url\":\"https:\\\/\\\/www.joy.ee\\\/\",\"name\":\"STUUDIO JOY\",\"description\":\"Dance, Sing, Enjoy!\",\"potentialAction\":[{\"@type\":\"SearchAction\",\"target\":{\"@type\":\"EntryPoint\",\"urlTemplate\":\"https:\\\/\\\/www.joy.ee\\\/?s={search_term_string}\"},\"query-input\":{\"@type\":\"PropertyValueSpecification\",\"valueRequired\":true,\"valueName\":\"search_term_string\"}}],\"inLanguage\":\"en-US\"}]}<\/script>\n<!-- \/ Yoast SEO plugin. -->","yoast_head_json":{"title":"U\u0122IS R\u0100CENIS - STUUDIO JOY","robots":{"index":"index","follow":"follow","max-snippet":"max-snippet:-1","max-image-preview":"max-image-preview:large","max-video-preview":"max-video-preview:-1"},"canonical":"https:\/\/www.joy.ee\/index.php\/ugis-racenis\/","twitter_card":"summary_large_image","twitter_title":"U\u0122IS R\u0100CENIS - STUUDIO JOY","twitter_description":"Stuudio JOY vilistlane ja t\u00e4navatantsu, break pedagoog Valgas; Paljude tantsuv\u00f5istluste ja festivalide v\u00f5itja Eestis, L\u00e4tis, Leedus, Poolas. Tantsugrupid U\u0123is R\u0101cenis juhtimisel on rahvusvaheliste ja vabariiklike konkursside laureaadid.\u00a0 JOY YOUTH tantsugrupp: Breakdance tantsugrupp: JOY CREW tantsugrupp:","twitter_image":"https:\/\/www.joy.ee\/wp-content\/uploads\/2025\/08\/Stuudio-Joy-30.-juubelikontsert-24.05.2025-381.jpg","twitter_misc":{"Est. reading time":"1 minute"},"schema":{"@context":"https:\/\/schema.org","@graph":[{"@type":"WebPage","@id":"https:\/\/www.joy.ee\/index.php\/ugis-racenis\/","url":"https:\/\/www.joy.ee\/index.php\/ugis-racenis\/","name":"U\u0122IS R\u0100CENIS - STUUDIO JOY","isPartOf":{"@id":"https:\/\/www.joy.ee\/#website"},"primaryImageOfPage":{"@id":"https:\/\/www.joy.ee\/index.php\/ugis-racenis\/#primaryimage"},"image":{"@id":"https:\/\/www.joy.ee\/index.php\/ugis-racenis\/#primaryimage"},"thumbnailUrl":"https:\/\/www.joy.ee\/wp-content\/uploads\/2025\/08\/Stuudio-Joy-30.-juubelikontsert-24.05.2025-381.jpg","datePublished":"2024-08-22T08:41:19+00:00","dateModified":"2025-08-07T18:40:33+00:00","breadcrumb":{"@id":"https:\/\/www.joy.ee\/index.php\/ugis-racenis\/#breadcrumb"},"inLanguage":"en-US","potentialAction":[{"@type":"ReadAction","target":["https:\/\/www.joy.ee\/index.php\/ugis-racenis\/"]}]},{"@type":"ImageObject","inLanguage":"en-US","@id":"https:\/\/www.joy.ee\/index.php\/ugis-racenis\/#primaryimage","url":"https:\/\/www.joy.ee\/wp-content\/uploads\/2025\/08\/Stuudio-Joy-30.-juubelikontsert-24.05.2025-381.jpg","contentUrl":"https:\/\/www.joy.ee\/wp-content\/uploads\/2025\/08\/Stuudio-Joy-30.-juubelikontsert-24.05.2025-381.jpg","width":2400,"height":1600},{"@type":"BreadcrumbList","@id":"https:\/\/www.joy.ee\/index.php\/ugis-racenis\/#breadcrumb","itemListElement":[{"@type":"ListItem","position":1,"name":"Home","item":"https:\/\/www.joy.ee\/"},{"@type":"ListItem","position":2,"name":"U\u0122IS R\u0100CENIS"}]},{"@type":"WebSite","@id":"https:\/\/www.joy.ee\/#website","url":"https:\/\/www.joy.ee\/","name":"STUUDIO JOY","description":"Dance, Sing, Enjoy!","potentialAction":[{"@type":"SearchAction","target":{"@type":"EntryPoint","urlTemplate":"https:\/\/www.joy.ee\/?s={search_term_string}"},"query-input":{"@type":"PropertyValueSpecification","valueRequired":true,"valueName":"search_term_string"}}],"inLanguage":"en-US"}]}},"_links":{"self":[{"href":"https:\/\/www.joy.ee\/index.php\/wp-json\/wp\/v2\/pages\/1422","targetHints":{"allow":["GET"]}}],"collection":[{"href":"https:\/\/www.joy.ee\/index.php\/wp-json\/wp\/v2\/pages"}],"about":[{"href":"https:\/\/www.joy.ee\/index.php\/wp-json\/wp\/v2\/types\/page"}],"author":[{"embeddable":true,"href":"https:\/\/www.joy.ee\/index.php\/wp-json\/wp\/v2\/users\/4"}],"replies":[{"embeddable":true,"href":"https:\/\/www.joy.ee\/index.php\/wp-json\/wp\/v2\/comments?post=1422"}],"version-history":[{"count":4,"href":"https:\/\/www.joy.ee\/index.php\/wp-json\/wp\/v2\/pages\/1422\/revisions"}],"predecessor-version":[{"id":1785,"href":"https:\/\/www.joy.ee\/index.php\/wp-json\/wp\/v2\/pages\/1422\/revisions\/1785"}],"wp:featuredmedia":[{"embeddable":true,"href":"https:\/\/www.joy.ee\/index.php\/wp-json\/wp\/v2\/media\/1786"}],"wp:attachment":[{"href":"https:\/\/www.joy.ee\/index.php\/wp-json\/wp\/v2\/media?parent=1422"}],"curies":[{"name":"wp","href":"https:\/\/api.w.org\/{rel}","templated":true}]}}