{"id":829,"date":"2020-08-19T04:23:42","date_gmt":"2020-08-19T02:23:42","guid":{"rendered":"http:\/\/www.joy.ee\/?page_id=829"},"modified":"2024-11-10T13:39:48","modified_gmt":"2024-11-10T11:39:48","slug":"kontakt","status":"publish","type":"page","link":"https:\/\/www.joy.ee\/index.php\/kontakt\/","title":{"rendered":"KONTAKT"},"content":{"rendered":"<div id=\"fb-root\"><\/div>\n\n<p>K\u00fcsimuste korral palun v\u00f5tke meiega \u00fchendust. Vastame Teile esimesel v\u00f5imalusel.<\/p>\n<p>Tel: +372 5100838&nbsp;<\/p>\n\n\n\n<div class=\"wpcf7 no-js\" id=\"wpcf7-f759-o1\" lang=\"ru-RU\" dir=\"ltr\" data-wpcf7-id=\"759\">\n<div class=\"screen-reader-response\"><p role=\"status\" aria-live=\"polite\" aria-atomic=\"true\"><\/p> <ul><\/ul><\/div>\n<form action=\"\/index.php\/wp-json\/wp\/v2\/pages\/829#wpcf7-f759-o1\" method=\"post\" class=\"wpcf7-form init\" aria-label=\"\u041a\u043e\u043d\u0442\u0430\u043a\u0442\u043d\u0430\u044f \u0444\u043e\u0440\u043c\u0430\" novalidate=\"novalidate\" data-status=\"init\">\n<fieldset class=\"hidden-fields-container\"><input type=\"hidden\" name=\"_wpcf7\" value=\"759\" \/><input type=\"hidden\" name=\"_wpcf7_version\" value=\"6.1.5\" \/><input type=\"hidden\" name=\"_wpcf7_locale\" value=\"ru_RU\" \/><input type=\"hidden\" name=\"_wpcf7_unit_tag\" value=\"wpcf7-f759-o1\" \/><input type=\"hidden\" name=\"_wpcf7_container_post\" value=\"0\" \/><input type=\"hidden\" name=\"_wpcf7_posted_data_hash\" value=\"\" \/>\n<\/fieldset>\n<p><label> Teie nimi (kohustuslik)<br \/>\n<span class=\"wpcf7-form-control-wrap\" data-name=\"your-name\"><input size=\"40\" maxlength=\"400\" class=\"wpcf7-form-control wpcf7-text wpcf7-validates-as-required\" aria-required=\"true\" aria-invalid=\"false\" value=\"\" type=\"text\" name=\"your-name\" \/><\/span> <\/label>\n<\/p>\n<p><label> Teie e-mail (kohustuslik)<br \/>\n<span class=\"wpcf7-form-control-wrap\" data-name=\"your-email\"><input size=\"40\" maxlength=\"400\" class=\"wpcf7-form-control wpcf7-email wpcf7-validates-as-required wpcf7-text wpcf7-validates-as-email\" aria-required=\"true\" aria-invalid=\"false\" value=\"\" type=\"email\" name=\"your-email\" \/><\/span> <\/label>\n<\/p>\n<p><label> Teema<br \/>\n<span class=\"wpcf7-form-control-wrap\" data-name=\"your-subject\"><input size=\"40\" maxlength=\"400\" class=\"wpcf7-form-control wpcf7-text\" aria-invalid=\"false\" value=\"\" type=\"text\" name=\"your-subject\" \/><\/span> <\/label>\n<\/p>\n<p><label> S\u00f5num<br \/>\n<span class=\"wpcf7-form-control-wrap\" data-name=\"your-message\"><textarea cols=\"40\" rows=\"10\" maxlength=\"2000\" class=\"wpcf7-form-control wpcf7-textarea\" aria-invalid=\"false\" name=\"your-message\"><\/textarea><\/span> <\/label>\n<\/p>\n<p><input class=\"wpcf7-form-control wpcf7-submit has-spinner\" type=\"submit\" value=\"Saada\" \/>\n<\/p><div class=\"wpcf7-response-output\" aria-hidden=\"true\"><\/div>\n<\/form>\n<\/div>\n\n\n\n","protected":false},"excerpt":{"rendered":"<p>K\u00fcsimuste korral palun v\u00f5tke meiega \u00fchendust. Vastame Teile esimesel v\u00f5imalusel. Tel: +372 5100838&nbsp;<\/p>\n","protected":false},"author":3,"featured_media":1580,"parent":0,"menu_order":0,"comment_status":"closed","ping_status":"closed","template":"page-add-sidebar-3.php","meta":{"_acf_changed":false,"footnotes":""},"class_list":["post-829","page","type-page","status-publish","has-post-thumbnail","hentry"],"acf":[],"yoast_head":"<!-- This site is optimized with the Yoast SEO plugin v27.5 - https:\/\/yoast.com\/product\/yoast-seo-wordpress\/ -->\n<title>KONTAKT - STUUDIO JOY<\/title>\n<meta name=\"robots\" content=\"index, follow, max-snippet:-1, max-image-preview:large, max-video-preview:-1\" \/>\n<link rel=\"canonical\" href=\"https:\/\/www.joy.ee\/index.php\/kontakt\/\" \/>\n<meta name=\"twitter:card\" content=\"summary_large_image\" \/>\n<meta name=\"twitter:title\" content=\"KONTAKT - STUUDIO JOY\" \/>\n<meta name=\"twitter:description\" content=\"K\u00fcsimuste korral palun v\u00f5tke meiega \u00fchendust. Vastame Teile esimesel v\u00f5imalusel. Tel: +372 5100838&nbsp;\" \/>\n<meta name=\"twitter:image\" content=\"https:\/\/www.joy.ee\/wp-content\/uploads\/2024\/11\/joy-page-designs-7.png\" \/>\n<script type=\"application\/ld+json\" class=\"yoast-schema-graph\">{\"@context\":\"https:\\\/\\\/schema.org\",\"@graph\":[{\"@type\":\"WebPage\",\"@id\":\"https:\\\/\\\/www.joy.ee\\\/index.php\\\/kontakt\\\/\",\"url\":\"https:\\\/\\\/www.joy.ee\\\/index.php\\\/kontakt\\\/\",\"name\":\"KONTAKT - STUUDIO JOY\",\"isPartOf\":{\"@id\":\"https:\\\/\\\/www.joy.ee\\\/#website\"},\"primaryImageOfPage\":{\"@id\":\"https:\\\/\\\/www.joy.ee\\\/index.php\\\/kontakt\\\/#primaryimage\"},\"image\":{\"@id\":\"https:\\\/\\\/www.joy.ee\\\/index.php\\\/kontakt\\\/#primaryimage\"},\"thumbnailUrl\":\"https:\\\/\\\/www.joy.ee\\\/wp-content\\\/uploads\\\/2024\\\/11\\\/joy-page-designs-7.png\",\"datePublished\":\"2020-08-19T02:23:42+00:00\",\"dateModified\":\"2024-11-10T11:39:48+00:00\",\"breadcrumb\":{\"@id\":\"https:\\\/\\\/www.joy.ee\\\/index.php\\\/kontakt\\\/#breadcrumb\"},\"inLanguage\":\"en-US\",\"potentialAction\":[{\"@type\":\"ReadAction\",\"target\":[\"https:\\\/\\\/www.joy.ee\\\/index.php\\\/kontakt\\\/\"]}]},{\"@type\":\"ImageObject\",\"inLanguage\":\"en-US\",\"@id\":\"https:\\\/\\\/www.joy.ee\\\/index.php\\\/kontakt\\\/#primaryimage\",\"url\":\"https:\\\/\\\/www.joy.ee\\\/wp-content\\\/uploads\\\/2024\\\/11\\\/joy-page-designs-7.png\",\"contentUrl\":\"https:\\\/\\\/www.joy.ee\\\/wp-content\\\/uploads\\\/2024\\\/11\\\/joy-page-designs-7.png\",\"width\":2560,\"height\":1707},{\"@type\":\"BreadcrumbList\",\"@id\":\"https:\\\/\\\/www.joy.ee\\\/index.php\\\/kontakt\\\/#breadcrumb\",\"itemListElement\":[{\"@type\":\"ListItem\",\"position\":1,\"name\":\"Home\",\"item\":\"https:\\\/\\\/www.joy.ee\\\/\"},{\"@type\":\"ListItem\",\"position\":2,\"name\":\"KONTAKT\"}]},{\"@type\":\"WebSite\",\"@id\":\"https:\\\/\\\/www.joy.ee\\\/#website\",\"url\":\"https:\\\/\\\/www.joy.ee\\\/\",\"name\":\"STUUDIO JOY\",\"description\":\"Dance, Sing, Enjoy!\",\"potentialAction\":[{\"@type\":\"SearchAction\",\"target\":{\"@type\":\"EntryPoint\",\"urlTemplate\":\"https:\\\/\\\/www.joy.ee\\\/?s={search_term_string}\"},\"query-input\":{\"@type\":\"PropertyValueSpecification\",\"valueRequired\":true,\"valueName\":\"search_term_string\"}}],\"inLanguage\":\"en-US\"}]}<\/script>\n<!-- \/ Yoast SEO plugin. -->","yoast_head_json":{"title":"KONTAKT - STUUDIO JOY","robots":{"index":"index","follow":"follow","max-snippet":"max-snippet:-1","max-image-preview":"max-image-preview:large","max-video-preview":"max-video-preview:-1"},"canonical":"https:\/\/www.joy.ee\/index.php\/kontakt\/","twitter_card":"summary_large_image","twitter_title":"KONTAKT - STUUDIO JOY","twitter_description":"K\u00fcsimuste korral palun v\u00f5tke meiega \u00fchendust. Vastame Teile esimesel v\u00f5imalusel. Tel: +372 5100838&nbsp;","twitter_image":"https:\/\/www.joy.ee\/wp-content\/uploads\/2024\/11\/joy-page-designs-7.png","schema":{"@context":"https:\/\/schema.org","@graph":[{"@type":"WebPage","@id":"https:\/\/www.joy.ee\/index.php\/kontakt\/","url":"https:\/\/www.joy.ee\/index.php\/kontakt\/","name":"KONTAKT - STUUDIO JOY","isPartOf":{"@id":"https:\/\/www.joy.ee\/#website"},"primaryImageOfPage":{"@id":"https:\/\/www.joy.ee\/index.php\/kontakt\/#primaryimage"},"image":{"@id":"https:\/\/www.joy.ee\/index.php\/kontakt\/#primaryimage"},"thumbnailUrl":"https:\/\/www.joy.ee\/wp-content\/uploads\/2024\/11\/joy-page-designs-7.png","datePublished":"2020-08-19T02:23:42+00:00","dateModified":"2024-11-10T11:39:48+00:00","breadcrumb":{"@id":"https:\/\/www.joy.ee\/index.php\/kontakt\/#breadcrumb"},"inLanguage":"en-US","potentialAction":[{"@type":"ReadAction","target":["https:\/\/www.joy.ee\/index.php\/kontakt\/"]}]},{"@type":"ImageObject","inLanguage":"en-US","@id":"https:\/\/www.joy.ee\/index.php\/kontakt\/#primaryimage","url":"https:\/\/www.joy.ee\/wp-content\/uploads\/2024\/11\/joy-page-designs-7.png","contentUrl":"https:\/\/www.joy.ee\/wp-content\/uploads\/2024\/11\/joy-page-designs-7.png","width":2560,"height":1707},{"@type":"BreadcrumbList","@id":"https:\/\/www.joy.ee\/index.php\/kontakt\/#breadcrumb","itemListElement":[{"@type":"ListItem","position":1,"name":"Home","item":"https:\/\/www.joy.ee\/"},{"@type":"ListItem","position":2,"name":"KONTAKT"}]},{"@type":"WebSite","@id":"https:\/\/www.joy.ee\/#website","url":"https:\/\/www.joy.ee\/","name":"STUUDIO JOY","description":"Dance, Sing, Enjoy!","potentialAction":[{"@type":"SearchAction","target":{"@type":"EntryPoint","urlTemplate":"https:\/\/www.joy.ee\/?s={search_term_string}"},"query-input":{"@type":"PropertyValueSpecification","valueRequired":true,"valueName":"search_term_string"}}],"inLanguage":"en-US"}]}},"_links":{"self":[{"href":"https:\/\/www.joy.ee\/index.php\/wp-json\/wp\/v2\/pages\/829","targetHints":{"allow":["GET"]}}],"collection":[{"href":"https:\/\/www.joy.ee\/index.php\/wp-json\/wp\/v2\/pages"}],"about":[{"href":"https:\/\/www.joy.ee\/index.php\/wp-json\/wp\/v2\/types\/page"}],"author":[{"embeddable":true,"href":"https:\/\/www.joy.ee\/index.php\/wp-json\/wp\/v2\/users\/3"}],"replies":[{"embeddable":true,"href":"https:\/\/www.joy.ee\/index.php\/wp-json\/wp\/v2\/comments?post=829"}],"version-history":[{"count":12,"href":"https:\/\/www.joy.ee\/index.php\/wp-json\/wp\/v2\/pages\/829\/revisions"}],"predecessor-version":[{"id":1581,"href":"https:\/\/www.joy.ee\/index.php\/wp-json\/wp\/v2\/pages\/829\/revisions\/1581"}],"wp:featuredmedia":[{"embeddable":true,"href":"https:\/\/www.joy.ee\/index.php\/wp-json\/wp\/v2\/media\/1580"}],"wp:attachment":[{"href":"https:\/\/www.joy.ee\/index.php\/wp-json\/wp\/v2\/media?parent=829"}],"curies":[{"name":"wp","href":"https:\/\/api.w.org\/{rel}","templated":true}]}}